{"id":6,"date":"2020-06-25T08:11:20","date_gmt":"2020-06-25T08:11:20","guid":{"rendered":"https:\/\/themes.muffingroup.com\/be\/business3_el\/?page_id=6"},"modified":"2026-02-06T21:03:22","modified_gmt":"2026-02-06T20:03:22","slug":"domki-do-wynajecia-noclegi","status":"publish","type":"page","link":"https:\/\/sosnowaprzystan.pl\/","title":{"rendered":"Home"},"content":{"rendered":"","protected":false},"excerpt":{"rendered":"","protected":false},"author":1,"featured_media":0,"parent":0,"menu_order":0,"comment_status":"closed","ping_status":"closed","template":"","meta":{"footnotes":""},"class_list":["post-6","page","type-page","status-publish","hentry"],"yoast_head":"<!-- This site is optimized with the Yoast SEO plugin v26.9 - https:\/\/yoast.com\/product\/yoast-seo-wordpress\/ -->\n<title>Sosnowa Przysta\u0144 - Domki do wynaj\u0119cia Zwierzyniec<\/title>\n<meta name=\"description\" content=\"Sosnowa Przysta\u0144 oferuje domki do wynaj\u0119cia na terenie Zwierzy\u0144ca w okolicy Krasnobrodu w samym sercu Roztocza\" \/>\n<meta name=\"robots\" content=\"index, follow, max-snippet:-1, max-image-preview:large, max-video-preview:-1\" \/>\n<link rel=\"canonical\" href=\"https:\/\/sosnowaprzystan.pl\/\" \/>\n<meta property=\"og:locale\" content=\"pl_PL\" \/>\n<meta property=\"og:type\" content=\"article\" \/>\n<meta property=\"og:title\" content=\"Sosnowa Przysta\u0144 - Domki do wynaj\u0119cia Zwierzyniec\" \/>\n<meta property=\"og:description\" content=\"Sosnowa Przysta\u0144 oferuje domki do wynaj\u0119cia na terenie Zwierzy\u0144ca w okolicy Krasnobrodu w samym sercu Roztocza\" \/>\n<meta property=\"og:url\" content=\"https:\/\/sosnowaprzystan.pl\/\" \/>\n<meta property=\"og:site_name\" content=\"Sosnowa Przysta\u0144 - Domki do wynaj\u0119cia Zwierzyniec\" \/>\n<meta property=\"article:modified_time\" content=\"2026-02-06T20:03:22+00:00\" \/>\n<meta name=\"twitter:card\" content=\"summary_large_image\" \/>\n<script type=\"application\/ld+json\" class=\"yoast-schema-graph\">{\"@context\":\"https:\/\/schema.org\",\"@graph\":[{\"@type\":\"WebPage\",\"@id\":\"https:\/\/sosnowaprzystan.pl\/\",\"url\":\"https:\/\/sosnowaprzystan.pl\/\",\"name\":\"Sosnowa Przysta\u0144 - Domki do wynaj\u0119cia Zwierzyniec\",\"isPartOf\":{\"@id\":\"https:\/\/sosnowaprzystan.pl\/#website\"},\"datePublished\":\"2020-06-25T08:11:20+00:00\",\"dateModified\":\"2026-02-06T20:03:22+00:00\",\"description\":\"Sosnowa Przysta\u0144 oferuje domki do wynaj\u0119cia na terenie Zwierzy\u0144ca w okolicy Krasnobrodu w samym sercu Roztocza\",\"breadcrumb\":{\"@id\":\"https:\/\/sosnowaprzystan.pl\/#breadcrumb\"},\"inLanguage\":\"pl-PL\",\"potentialAction\":[{\"@type\":\"ReadAction\",\"target\":[\"https:\/\/sosnowaprzystan.pl\/\"]}]},{\"@type\":\"BreadcrumbList\",\"@id\":\"https:\/\/sosnowaprzystan.pl\/#breadcrumb\",\"itemListElement\":[{\"@type\":\"ListItem\",\"position\":1,\"name\":\"Strona g\u0142\u00f3wna\",\"item\":\"https:\/\/sosnowaprzystan.pl\/\"},{\"@type\":\"ListItem\",\"position\":2,\"name\":\"Home\"}]},{\"@type\":\"WebSite\",\"@id\":\"https:\/\/sosnowaprzystan.pl\/#website\",\"url\":\"https:\/\/sosnowaprzystan.pl\/\",\"name\":\"Sosnowa Przysta\u0144 - Domki do wynaj\u0119cia Zwierzyniec\",\"description\":\"Domki do wynaj\u0119cia, noclegi Zwerzyniec\",\"publisher\":{\"@id\":\"https:\/\/sosnowaprzystan.pl\/#organization\"},\"potentialAction\":[{\"@type\":\"SearchAction\",\"target\":{\"@type\":\"EntryPoint\",\"urlTemplate\":\"https:\/\/sosnowaprzystan.pl\/?s={search_term_string}\"},\"query-input\":{\"@type\":\"PropertyValueSpecification\",\"valueRequired\":true,\"valueName\":\"search_term_string\"}}],\"inLanguage\":\"pl-PL\"},{\"@type\":\"Organization\",\"@id\":\"https:\/\/sosnowaprzystan.pl\/#organization\",\"name\":\"Sosnowa Przysta\u0144 - Domki na Roztoczu\",\"url\":\"https:\/\/sosnowaprzystan.pl\/\",\"logo\":{\"@type\":\"ImageObject\",\"inLanguage\":\"pl-PL\",\"@id\":\"https:\/\/sosnowaprzystan.pl\/#\/schema\/logo\/image\/\",\"url\":\"https:\/\/sosnowaprzystan.pl\/wp-content\/uploads\/2021\/08\/logo_sosn300_ver2-2.png\",\"contentUrl\":\"https:\/\/sosnowaprzystan.pl\/wp-content\/uploads\/2021\/08\/logo_sosn300_ver2-2.png\",\"width\":300,\"height\":155,\"caption\":\"Sosnowa Przysta\u0144 - Domki na Roztoczu\"},\"image\":{\"@id\":\"https:\/\/sosnowaprzystan.pl\/#\/schema\/logo\/image\/\"}}]}<\/script>\n<!-- \/ Yoast SEO plugin. -->","yoast_head_json":{"title":"Sosnowa Przysta\u0144 - Domki do wynaj\u0119cia Zwierzyniec","description":"Sosnowa Przysta\u0144 oferuje domki do wynaj\u0119cia na terenie Zwierzy\u0144ca w okolicy Krasnobrodu w samym sercu Roztocza","robots":{"index":"index","follow":"follow","max-snippet":"max-snippet:-1","max-image-preview":"max-image-preview:large","max-video-preview":"max-video-preview:-1"},"canonical":"https:\/\/sosnowaprzystan.pl\/","og_locale":"pl_PL","og_type":"article","og_title":"Sosnowa Przysta\u0144 - Domki do wynaj\u0119cia Zwierzyniec","og_description":"Sosnowa Przysta\u0144 oferuje domki do wynaj\u0119cia na terenie Zwierzy\u0144ca w okolicy Krasnobrodu w samym sercu Roztocza","og_url":"https:\/\/sosnowaprzystan.pl\/","og_site_name":"Sosnowa Przysta\u0144 - Domki do wynaj\u0119cia Zwierzyniec","article_modified_time":"2026-02-06T20:03:22+00:00","twitter_card":"summary_large_image","schema":{"@context":"https:\/\/schema.org","@graph":[{"@type":"WebPage","@id":"https:\/\/sosnowaprzystan.pl\/","url":"https:\/\/sosnowaprzystan.pl\/","name":"Sosnowa Przysta\u0144 - Domki do wynaj\u0119cia Zwierzyniec","isPartOf":{"@id":"https:\/\/sosnowaprzystan.pl\/#website"},"datePublished":"2020-06-25T08:11:20+00:00","dateModified":"2026-02-06T20:03:22+00:00","description":"Sosnowa Przysta\u0144 oferuje domki do wynaj\u0119cia na terenie Zwierzy\u0144ca w okolicy Krasnobrodu w samym sercu Roztocza","breadcrumb":{"@id":"https:\/\/sosnowaprzystan.pl\/#breadcrumb"},"inLanguage":"pl-PL","potentialAction":[{"@type":"ReadAction","target":["https:\/\/sosnowaprzystan.pl\/"]}]},{"@type":"BreadcrumbList","@id":"https:\/\/sosnowaprzystan.pl\/#breadcrumb","itemListElement":[{"@type":"ListItem","position":1,"name":"Strona g\u0142\u00f3wna","item":"https:\/\/sosnowaprzystan.pl\/"},{"@type":"ListItem","position":2,"name":"Home"}]},{"@type":"WebSite","@id":"https:\/\/sosnowaprzystan.pl\/#website","url":"https:\/\/sosnowaprzystan.pl\/","name":"Sosnowa Przysta\u0144 - Domki do wynaj\u0119cia Zwierzyniec","description":"Domki do wynaj\u0119cia, noclegi Zwerzyniec","publisher":{"@id":"https:\/\/sosnowaprzystan.pl\/#organization"},"potentialAction":[{"@type":"SearchAction","target":{"@type":"EntryPoint","urlTemplate":"https:\/\/sosnowaprzystan.pl\/?s={search_term_string}"},"query-input":{"@type":"PropertyValueSpecification","valueRequired":true,"valueName":"search_term_string"}}],"inLanguage":"pl-PL"},{"@type":"Organization","@id":"https:\/\/sosnowaprzystan.pl\/#organization","name":"Sosnowa Przysta\u0144 - Domki na Roztoczu","url":"https:\/\/sosnowaprzystan.pl\/","logo":{"@type":"ImageObject","inLanguage":"pl-PL","@id":"https:\/\/sosnowaprzystan.pl\/#\/schema\/logo\/image\/","url":"https:\/\/sosnowaprzystan.pl\/wp-content\/uploads\/2021\/08\/logo_sosn300_ver2-2.png","contentUrl":"https:\/\/sosnowaprzystan.pl\/wp-content\/uploads\/2021\/08\/logo_sosn300_ver2-2.png","width":300,"height":155,"caption":"Sosnowa Przysta\u0144 - Domki na Roztoczu"},"image":{"@id":"https:\/\/sosnowaprzystan.pl\/#\/schema\/logo\/image\/"}}]}},"_links":{"self":[{"href":"https:\/\/sosnowaprzystan.pl\/index.php?rest_route=\/wp\/v2\/pages\/6","targetHints":{"allow":["GET"]}}],"collection":[{"href":"https:\/\/sosnowaprzystan.pl\/index.php?rest_route=\/wp\/v2\/pages"}],"about":[{"href":"https:\/\/sosnowaprzystan.pl\/index.php?rest_route=\/wp\/v2\/types\/page"}],"author":[{"embeddable":true,"href":"https:\/\/sosnowaprzystan.pl\/index.php?rest_route=\/wp\/v2\/users\/1"}],"replies":[{"embeddable":true,"href":"https:\/\/sosnowaprzystan.pl\/index.php?rest_route=%2Fwp%2Fv2%2Fcomments&post=6"}],"version-history":[{"count":10,"href":"https:\/\/sosnowaprzystan.pl\/index.php?rest_route=\/wp\/v2\/pages\/6\/revisions"}],"predecessor-version":[{"id":323,"href":"https:\/\/sosnowaprzystan.pl\/index.php?rest_route=\/wp\/v2\/pages\/6\/revisions\/323"}],"wp:attachment":[{"href":"https:\/\/sosnowaprzystan.pl\/index.php?rest_route=%2Fwp%2Fv2%2Fmedia&parent=6"}],"curies":[{"name":"wp","href":"https:\/\/api.w.org\/{rel}","templated":true}]}}