{"id":211,"date":"2021-08-12T08:46:48","date_gmt":"2021-08-12T06:46:48","guid":{"rendered":"https:\/\/sosnowaprzystan.pl\/?page_id=211"},"modified":"2021-08-12T08:46:49","modified_gmt":"2021-08-12T06:46:49","slug":"duza-sosna","status":"publish","type":"page","link":"https:\/\/sosnowaprzystan.pl\/?page_id=211","title":{"rendered":"Du\u017ca Sosna"},"content":{"rendered":"<style type=\"text\/css\">\n#foogallery-gallery-210.fg-justified .fg-item { margin-right: 2px; margin-bottom: 2px; }\n#foogallery-gallery-210.fg-justified .fg-image { height: 200px; }<\/style>\n\t\t\t<div class=\"foogallery foogallery-container foogallery-justified foogallery-lightbox-foobox fg-justified fg-ready fg-light fg-shadow-outline fg-loading-default fg-loaded-fade-in fg-caption-always fg-hover-fade fg-hover-zoom2\" id=\"foogallery-gallery-210\" data-foogallery=\"{&quot;item&quot;:{&quot;showCaptionTitle&quot;:true,&quot;showCaptionDescription&quot;:false},&quot;lazy&quot;:true,&quot;template&quot;:{&quot;rowHeight&quot;:200,&quot;maxRowHeight&quot;:300,&quot;margins&quot;:2,&quot;align&quot;:&quot;center&quot;,&quot;lastRow&quot;:&quot;smart&quot;}}\" style=\"--fg-title-line-clamp: 0; --fg-description-line-clamp: 0;\" >\n\t<div class=\"fg-item fg-type-image fg-idle\"><figure class=\"fg-item-inner\"><a href=\"https:\/\/sosnowaprzystan.pl\/wp-content\/uploads\/2021\/08\/3A0A9215-scaled.jpg\" data-attachment-id=\"288\" data-type=\"image\" class=\"fg-thumb\"><span class=\"fg-image-wrap\"><img fetchpriority=\"high\" decoding=\"async\" height=\"300\" width=\"450\" class=\"skip-lazy fg-image\" data-src-fg=\"https:\/\/sosnowaprzystan.pl\/wp-content\/uploads\/cache\/2021\/08\/3A0A9215-scaled\/1357980633.jpg\" src=\"data:image\/svg+xml,%3Csvg%20xmlns%3D%22http%3A%2F%2Fwww.w3.org%2F2000%2Fsvg%22%20width%3D%22450%22%20height%3D%22300%22%20viewBox%3D%220%200%20450%20300%22%3E%3C%2Fsvg%3E\" loading=\"eager\"><\/span><span class=\"fg-image-overlay\"><\/span><\/a><\/figure><div class=\"fg-loader\"><\/div><\/div><div class=\"fg-item fg-type-image fg-idle\"><figure class=\"fg-item-inner\"><a href=\"https:\/\/sosnowaprzystan.pl\/wp-content\/uploads\/2021\/08\/3A0A0152-scaled.jpg\" data-attachment-id=\"274\" data-type=\"image\" class=\"fg-thumb\"><span class=\"fg-image-wrap\"><img decoding=\"async\" height=\"300\" width=\"200\" class=\"skip-lazy fg-image\" data-src-fg=\"https:\/\/sosnowaprzystan.pl\/wp-content\/uploads\/cache\/2021\/08\/3A0A0152-scaled\/1086724450.jpg\" src=\"data:image\/svg+xml,%3Csvg%20xmlns%3D%22http%3A%2F%2Fwww.w3.org%2F2000%2Fsvg%22%20width%3D%22200%22%20height%3D%22300%22%20viewBox%3D%220%200%20200%20300%22%3E%3C%2Fsvg%3E\" loading=\"eager\"><\/span><span class=\"fg-image-overlay\"><\/span><\/a><\/figure><div class=\"fg-loader\"><\/div><\/div><div class=\"fg-item fg-type-image fg-idle\"><figure class=\"fg-item-inner\"><a href=\"https:\/\/sosnowaprzystan.pl\/wp-content\/uploads\/2021\/08\/3A0A0110-scaled.jpg\" data-attachment-id=\"281\" data-type=\"image\" class=\"fg-thumb\"><span class=\"fg-image-wrap\"><img decoding=\"async\" height=\"300\" width=\"200\" class=\"skip-lazy fg-image\" data-src-fg=\"https:\/\/sosnowaprzystan.pl\/wp-content\/uploads\/cache\/2021\/08\/3A0A0110-scaled\/4293603218.jpg\" src=\"data:image\/svg+xml,%3Csvg%20xmlns%3D%22http%3A%2F%2Fwww.w3.org%2F2000%2Fsvg%22%20width%3D%22200%22%20height%3D%22300%22%20viewBox%3D%220%200%20200%20300%22%3E%3C%2Fsvg%3E\" loading=\"eager\"><\/span><span class=\"fg-image-overlay\"><\/span><\/a><\/figure><div class=\"fg-loader\"><\/div><\/div><div class=\"fg-item fg-type-image fg-idle\"><figure class=\"fg-item-inner\"><a href=\"https:\/\/sosnowaprzystan.pl\/wp-content\/uploads\/2021\/08\/3A0A0008-scaled.jpg\" data-attachment-id=\"286\" data-type=\"image\" class=\"fg-thumb\"><span class=\"fg-image-wrap\"><img decoding=\"async\" height=\"300\" width=\"450\" class=\"skip-lazy fg-image\" data-src-fg=\"https:\/\/sosnowaprzystan.pl\/wp-content\/uploads\/cache\/2021\/08\/3A0A0008-scaled\/3179287711.jpg\" src=\"data:image\/svg+xml,%3Csvg%20xmlns%3D%22http%3A%2F%2Fwww.w3.org%2F2000%2Fsvg%22%20width%3D%22450%22%20height%3D%22300%22%20viewBox%3D%220%200%20450%20300%22%3E%3C%2Fsvg%3E\" loading=\"eager\"><\/span><span class=\"fg-image-overlay\"><\/span><\/a><\/figure><div class=\"fg-loader\"><\/div><\/div><div class=\"fg-item fg-type-image fg-idle\"><figure class=\"fg-item-inner\"><a href=\"https:\/\/sosnowaprzystan.pl\/wp-content\/uploads\/2021\/08\/3A0A0150-scaled.jpg\" data-attachment-id=\"275\" data-type=\"image\" class=\"fg-thumb\"><span class=\"fg-image-wrap\"><img decoding=\"async\" height=\"300\" width=\"450\" class=\"skip-lazy fg-image\" data-src-fg=\"https:\/\/sosnowaprzystan.pl\/wp-content\/uploads\/cache\/2021\/08\/3A0A0150-scaled\/497296502.jpg\" src=\"data:image\/svg+xml,%3Csvg%20xmlns%3D%22http%3A%2F%2Fwww.w3.org%2F2000%2Fsvg%22%20width%3D%22450%22%20height%3D%22300%22%20viewBox%3D%220%200%20450%20300%22%3E%3C%2Fsvg%3E\" loading=\"eager\"><\/span><span class=\"fg-image-overlay\"><\/span><\/a><\/figure><div class=\"fg-loader\"><\/div><\/div><div class=\"fg-item fg-type-image fg-idle\"><figure class=\"fg-item-inner\"><a href=\"https:\/\/sosnowaprzystan.pl\/wp-content\/uploads\/2021\/08\/3A0A0133-scaled.jpg\" data-attachment-id=\"276\" data-type=\"image\" class=\"fg-thumb\"><span class=\"fg-image-wrap\"><img decoding=\"async\" height=\"300\" width=\"200\" class=\"skip-lazy fg-image\" data-src-fg=\"https:\/\/sosnowaprzystan.pl\/wp-content\/uploads\/cache\/2021\/08\/3A0A0133-scaled\/2585048101.jpg\" src=\"data:image\/svg+xml,%3Csvg%20xmlns%3D%22http%3A%2F%2Fwww.w3.org%2F2000%2Fsvg%22%20width%3D%22200%22%20height%3D%22300%22%20viewBox%3D%220%200%20200%20300%22%3E%3C%2Fsvg%3E\" loading=\"eager\"><\/span><span class=\"fg-image-overlay\"><\/span><\/a><\/figure><div class=\"fg-loader\"><\/div><\/div><div class=\"fg-item fg-type-image fg-idle\"><figure class=\"fg-item-inner\"><a href=\"https:\/\/sosnowaprzystan.pl\/wp-content\/uploads\/2021\/08\/3A0A0138-scaled.jpg\" data-attachment-id=\"277\" data-type=\"image\" class=\"fg-thumb\"><span class=\"fg-image-wrap\"><img decoding=\"async\" height=\"300\" width=\"200\" class=\"skip-lazy fg-image\" data-src-fg=\"https:\/\/sosnowaprzystan.pl\/wp-content\/uploads\/cache\/2021\/08\/3A0A0138-scaled\/2969869918.jpg\" src=\"data:image\/svg+xml,%3Csvg%20xmlns%3D%22http%3A%2F%2Fwww.w3.org%2F2000%2Fsvg%22%20width%3D%22200%22%20height%3D%22300%22%20viewBox%3D%220%200%20200%20300%22%3E%3C%2Fsvg%3E\" loading=\"eager\"><\/span><span class=\"fg-image-overlay\"><\/span><\/a><\/figure><div class=\"fg-loader\"><\/div><\/div><div class=\"fg-item fg-type-image fg-idle\"><figure class=\"fg-item-inner\"><a href=\"https:\/\/sosnowaprzystan.pl\/wp-content\/uploads\/2021\/08\/3A0A0128-scaled.jpg\" data-attachment-id=\"279\" data-type=\"image\" class=\"fg-thumb\"><span class=\"fg-image-wrap\"><img decoding=\"async\" height=\"300\" width=\"200\" class=\"skip-lazy fg-image\" data-src-fg=\"https:\/\/sosnowaprzystan.pl\/wp-content\/uploads\/cache\/2021\/08\/3A0A0128-scaled\/2353287998.jpg\" src=\"data:image\/svg+xml,%3Csvg%20xmlns%3D%22http%3A%2F%2Fwww.w3.org%2F2000%2Fsvg%22%20width%3D%22200%22%20height%3D%22300%22%20viewBox%3D%220%200%20200%20300%22%3E%3C%2Fsvg%3E\" loading=\"eager\"><\/span><span class=\"fg-image-overlay\"><\/span><\/a><\/figure><div class=\"fg-loader\"><\/div><\/div><div class=\"fg-item fg-type-image fg-idle\"><figure class=\"fg-item-inner\"><a href=\"https:\/\/sosnowaprzystan.pl\/wp-content\/uploads\/2021\/08\/3A0A0102-scaled.jpg\" data-attachment-id=\"283\" data-type=\"image\" class=\"fg-thumb\"><span class=\"fg-image-wrap\"><img decoding=\"async\" height=\"300\" width=\"200\" class=\"skip-lazy fg-image\" data-src-fg=\"https:\/\/sosnowaprzystan.pl\/wp-content\/uploads\/cache\/2021\/08\/3A0A0102-scaled\/3384611033.jpg\" src=\"data:image\/svg+xml,%3Csvg%20xmlns%3D%22http%3A%2F%2Fwww.w3.org%2F2000%2Fsvg%22%20width%3D%22200%22%20height%3D%22300%22%20viewBox%3D%220%200%20200%20300%22%3E%3C%2Fsvg%3E\" loading=\"eager\"><\/span><span class=\"fg-image-overlay\"><\/span><\/a><\/figure><div class=\"fg-loader\"><\/div><\/div><div class=\"fg-item fg-type-image fg-idle\"><figure class=\"fg-item-inner\"><a href=\"https:\/\/sosnowaprzystan.pl\/wp-content\/uploads\/2021\/08\/3A0A0121-scaled.jpg\" data-attachment-id=\"280\" data-type=\"image\" class=\"fg-thumb\"><span class=\"fg-image-wrap\"><img decoding=\"async\" height=\"300\" width=\"450\" class=\"skip-lazy fg-image\" data-src-fg=\"https:\/\/sosnowaprzystan.pl\/wp-content\/uploads\/cache\/2021\/08\/3A0A0121-scaled\/2587675661.jpg\" src=\"data:image\/svg+xml,%3Csvg%20xmlns%3D%22http%3A%2F%2Fwww.w3.org%2F2000%2Fsvg%22%20width%3D%22450%22%20height%3D%22300%22%20viewBox%3D%220%200%20450%20300%22%3E%3C%2Fsvg%3E\" loading=\"eager\"><\/span><span class=\"fg-image-overlay\"><\/span><\/a><\/figure><div class=\"fg-loader\"><\/div><\/div><div class=\"fg-item fg-type-image fg-idle\"><figure class=\"fg-item-inner\"><a href=\"https:\/\/sosnowaprzystan.pl\/wp-content\/uploads\/2021\/08\/3A0A0097-scaled.jpg\" data-attachment-id=\"282\" data-type=\"image\" class=\"fg-thumb\"><span class=\"fg-image-wrap\"><img decoding=\"async\" height=\"300\" width=\"200\" class=\"skip-lazy fg-image\" data-src-fg=\"https:\/\/sosnowaprzystan.pl\/wp-content\/uploads\/cache\/2021\/08\/3A0A0097-scaled\/1426319178.jpg\" src=\"data:image\/svg+xml,%3Csvg%20xmlns%3D%22http%3A%2F%2Fwww.w3.org%2F2000%2Fsvg%22%20width%3D%22200%22%20height%3D%22300%22%20viewBox%3D%220%200%20200%20300%22%3E%3C%2Fsvg%3E\" loading=\"eager\"><\/span><span class=\"fg-image-overlay\"><\/span><\/a><\/figure><div class=\"fg-loader\"><\/div><\/div><div class=\"fg-item fg-type-image fg-idle\"><figure class=\"fg-item-inner\"><a href=\"https:\/\/sosnowaprzystan.pl\/wp-content\/uploads\/2021\/08\/3A0A0089-scaled.jpg\" data-attachment-id=\"284\" data-type=\"image\" class=\"fg-thumb\"><span class=\"fg-image-wrap\"><img decoding=\"async\" height=\"300\" width=\"200\" class=\"skip-lazy fg-image\" data-src-fg=\"https:\/\/sosnowaprzystan.pl\/wp-content\/uploads\/cache\/2021\/08\/3A0A0089-scaled\/1204834163.jpg\" src=\"data:image\/svg+xml,%3Csvg%20xmlns%3D%22http%3A%2F%2Fwww.w3.org%2F2000%2Fsvg%22%20width%3D%22200%22%20height%3D%22300%22%20viewBox%3D%220%200%20200%20300%22%3E%3C%2Fsvg%3E\" loading=\"eager\"><\/span><span class=\"fg-image-overlay\"><\/span><\/a><\/figure><div class=\"fg-loader\"><\/div><\/div><div class=\"fg-item fg-type-image fg-idle\"><figure class=\"fg-item-inner\"><a href=\"https:\/\/sosnowaprzystan.pl\/wp-content\/uploads\/2021\/08\/3A0A0072-scaled.jpg\" data-attachment-id=\"285\" data-type=\"image\" class=\"fg-thumb\"><span class=\"fg-image-wrap\"><img decoding=\"async\" height=\"300\" width=\"450\" class=\"skip-lazy fg-image\" data-src-fg=\"https:\/\/sosnowaprzystan.pl\/wp-content\/uploads\/cache\/2021\/08\/3A0A0072-scaled\/3794403890.jpg\" src=\"data:image\/svg+xml,%3Csvg%20xmlns%3D%22http%3A%2F%2Fwww.w3.org%2F2000%2Fsvg%22%20width%3D%22450%22%20height%3D%22300%22%20viewBox%3D%220%200%20450%20300%22%3E%3C%2Fsvg%3E\" loading=\"eager\"><\/span><span class=\"fg-image-overlay\"><\/span><\/a><\/figure><div class=\"fg-loader\"><\/div><\/div><div class=\"fg-item fg-type-image fg-idle\"><figure class=\"fg-item-inner\"><a href=\"https:\/\/sosnowaprzystan.pl\/wp-content\/uploads\/2021\/08\/DJI_0935-scaled.jpg\" data-attachment-id=\"287\" data-type=\"image\" class=\"fg-thumb\"><span class=\"fg-image-wrap\"><img decoding=\"async\" height=\"300\" width=\"225\" class=\"skip-lazy fg-image\" data-src-fg=\"https:\/\/sosnowaprzystan.pl\/wp-content\/uploads\/cache\/2021\/08\/DJI_0935-scaled\/2621837305.jpg\" src=\"data:image\/svg+xml,%3Csvg%20xmlns%3D%22http%3A%2F%2Fwww.w3.org%2F2000%2Fsvg%22%20width%3D%22225%22%20height%3D%22300%22%20viewBox%3D%220%200%20225%20300%22%3E%3C%2Fsvg%3E\" loading=\"eager\"><\/span><span class=\"fg-image-overlay\"><\/span><\/a><\/figure><div class=\"fg-loader\"><\/div><\/div><\/div>\n\n","protected":false},"excerpt":{"rendered":"","protected":false},"author":1,"featured_media":0,"parent":0,"menu_order":0,"comment_status":"closed","ping_status":"closed","template":"","meta":{"footnotes":""},"class_list":["post-211","page","type-page","status-publish","hentry"],"yoast_head":"<!-- This site is optimized with the Yoast SEO plugin v26.9 - https:\/\/yoast.com\/product\/yoast-seo-wordpress\/ -->\n<title>Du\u017ca Sosna - Sosnowa Przysta\u0144 - Domki do wynaj\u0119cia Zwierzyniec<\/title>\n<meta name=\"robots\" content=\"index, follow, max-snippet:-1, max-image-preview:large, max-video-preview:-1\" \/>\n<link rel=\"canonical\" href=\"https:\/\/sosnowaprzystan.pl\/?page_id=211\" \/>\n<meta property=\"og:locale\" content=\"pl_PL\" \/>\n<meta property=\"og:type\" content=\"article\" \/>\n<meta property=\"og:title\" content=\"Du\u017ca Sosna - Sosnowa Przysta\u0144 - Domki do wynaj\u0119cia Zwierzyniec\" \/>\n<meta property=\"og:url\" content=\"https:\/\/sosnowaprzystan.pl\/?page_id=211\" \/>\n<meta property=\"og:site_name\" content=\"Sosnowa Przysta\u0144 - Domki do wynaj\u0119cia Zwierzyniec\" \/>\n<meta property=\"article:modified_time\" content=\"2021-08-12T06:46:49+00:00\" \/>\n<meta name=\"twitter:card\" content=\"summary_large_image\" \/>\n<meta name=\"twitter:label1\" content=\"Szacowany czas czytania\" \/>\n\t<meta name=\"twitter:data1\" content=\"1 minuta\" \/>\n<script type=\"application\/ld+json\" class=\"yoast-schema-graph\">{\"@context\":\"https:\/\/schema.org\",\"@graph\":[{\"@type\":\"WebPage\",\"@id\":\"https:\/\/sosnowaprzystan.pl\/?page_id=211\",\"url\":\"https:\/\/sosnowaprzystan.pl\/?page_id=211\",\"name\":\"Du\u017ca Sosna - Sosnowa Przysta\u0144 - Domki do wynaj\u0119cia Zwierzyniec\",\"isPartOf\":{\"@id\":\"https:\/\/sosnowaprzystan.pl\/#website\"},\"datePublished\":\"2021-08-12T06:46:48+00:00\",\"dateModified\":\"2021-08-12T06:46:49+00:00\",\"breadcrumb\":{\"@id\":\"https:\/\/sosnowaprzystan.pl\/?page_id=211#breadcrumb\"},\"inLanguage\":\"pl-PL\",\"potentialAction\":[{\"@type\":\"ReadAction\",\"target\":[\"https:\/\/sosnowaprzystan.pl\/?page_id=211\"]}]},{\"@type\":\"BreadcrumbList\",\"@id\":\"https:\/\/sosnowaprzystan.pl\/?page_id=211#breadcrumb\",\"itemListElement\":[{\"@type\":\"ListItem\",\"position\":1,\"name\":\"Strona g\u0142\u00f3wna\",\"item\":\"https:\/\/sosnowaprzystan.pl\/\"},{\"@type\":\"ListItem\",\"position\":2,\"name\":\"Du\u017ca Sosna\"}]},{\"@type\":\"WebSite\",\"@id\":\"https:\/\/sosnowaprzystan.pl\/#website\",\"url\":\"https:\/\/sosnowaprzystan.pl\/\",\"name\":\"Sosnowa Przysta\u0144 - Domki do wynaj\u0119cia Zwierzyniec\",\"description\":\"Domki do wynaj\u0119cia, noclegi Zwerzyniec\",\"publisher\":{\"@id\":\"https:\/\/sosnowaprzystan.pl\/#organization\"},\"potentialAction\":[{\"@type\":\"SearchAction\",\"target\":{\"@type\":\"EntryPoint\",\"urlTemplate\":\"https:\/\/sosnowaprzystan.pl\/?s={search_term_string}\"},\"query-input\":{\"@type\":\"PropertyValueSpecification\",\"valueRequired\":true,\"valueName\":\"search_term_string\"}}],\"inLanguage\":\"pl-PL\"},{\"@type\":\"Organization\",\"@id\":\"https:\/\/sosnowaprzystan.pl\/#organization\",\"name\":\"Sosnowa Przysta\u0144 - Domki na Roztoczu\",\"url\":\"https:\/\/sosnowaprzystan.pl\/\",\"logo\":{\"@type\":\"ImageObject\",\"inLanguage\":\"pl-PL\",\"@id\":\"https:\/\/sosnowaprzystan.pl\/#\/schema\/logo\/image\/\",\"url\":\"https:\/\/sosnowaprzystan.pl\/wp-content\/uploads\/2021\/08\/logo_sosn300_ver2-2.png\",\"contentUrl\":\"https:\/\/sosnowaprzystan.pl\/wp-content\/uploads\/2021\/08\/logo_sosn300_ver2-2.png\",\"width\":300,\"height\":155,\"caption\":\"Sosnowa Przysta\u0144 - Domki na Roztoczu\"},\"image\":{\"@id\":\"https:\/\/sosnowaprzystan.pl\/#\/schema\/logo\/image\/\"}}]}<\/script>\n<!-- \/ Yoast SEO plugin. -->","yoast_head_json":{"title":"Du\u017ca Sosna - Sosnowa Przysta\u0144 - Domki do wynaj\u0119cia Zwierzyniec","robots":{"index":"index","follow":"follow","max-snippet":"max-snippet:-1","max-image-preview":"max-image-preview:large","max-video-preview":"max-video-preview:-1"},"canonical":"https:\/\/sosnowaprzystan.pl\/?page_id=211","og_locale":"pl_PL","og_type":"article","og_title":"Du\u017ca Sosna - Sosnowa Przysta\u0144 - Domki do wynaj\u0119cia Zwierzyniec","og_url":"https:\/\/sosnowaprzystan.pl\/?page_id=211","og_site_name":"Sosnowa Przysta\u0144 - Domki do wynaj\u0119cia Zwierzyniec","article_modified_time":"2021-08-12T06:46:49+00:00","twitter_card":"summary_large_image","twitter_misc":{"Szacowany czas czytania":"1 minuta"},"schema":{"@context":"https:\/\/schema.org","@graph":[{"@type":"WebPage","@id":"https:\/\/sosnowaprzystan.pl\/?page_id=211","url":"https:\/\/sosnowaprzystan.pl\/?page_id=211","name":"Du\u017ca Sosna - Sosnowa Przysta\u0144 - Domki do wynaj\u0119cia Zwierzyniec","isPartOf":{"@id":"https:\/\/sosnowaprzystan.pl\/#website"},"datePublished":"2021-08-12T06:46:48+00:00","dateModified":"2021-08-12T06:46:49+00:00","breadcrumb":{"@id":"https:\/\/sosnowaprzystan.pl\/?page_id=211#breadcrumb"},"inLanguage":"pl-PL","potentialAction":[{"@type":"ReadAction","target":["https:\/\/sosnowaprzystan.pl\/?page_id=211"]}]},{"@type":"BreadcrumbList","@id":"https:\/\/sosnowaprzystan.pl\/?page_id=211#breadcrumb","itemListElement":[{"@type":"ListItem","position":1,"name":"Strona g\u0142\u00f3wna","item":"https:\/\/sosnowaprzystan.pl\/"},{"@type":"ListItem","position":2,"name":"Du\u017ca Sosna"}]},{"@type":"WebSite","@id":"https:\/\/sosnowaprzystan.pl\/#website","url":"https:\/\/sosnowaprzystan.pl\/","name":"Sosnowa Przysta\u0144 - Domki do wynaj\u0119cia Zwierzyniec","description":"Domki do wynaj\u0119cia, noclegi Zwerzyniec","publisher":{"@id":"https:\/\/sosnowaprzystan.pl\/#organization"},"potentialAction":[{"@type":"SearchAction","target":{"@type":"EntryPoint","urlTemplate":"https:\/\/sosnowaprzystan.pl\/?s={search_term_string}"},"query-input":{"@type":"PropertyValueSpecification","valueRequired":true,"valueName":"search_term_string"}}],"inLanguage":"pl-PL"},{"@type":"Organization","@id":"https:\/\/sosnowaprzystan.pl\/#organization","name":"Sosnowa Przysta\u0144 - Domki na Roztoczu","url":"https:\/\/sosnowaprzystan.pl\/","logo":{"@type":"ImageObject","inLanguage":"pl-PL","@id":"https:\/\/sosnowaprzystan.pl\/#\/schema\/logo\/image\/","url":"https:\/\/sosnowaprzystan.pl\/wp-content\/uploads\/2021\/08\/logo_sosn300_ver2-2.png","contentUrl":"https:\/\/sosnowaprzystan.pl\/wp-content\/uploads\/2021\/08\/logo_sosn300_ver2-2.png","width":300,"height":155,"caption":"Sosnowa Przysta\u0144 - Domki na Roztoczu"},"image":{"@id":"https:\/\/sosnowaprzystan.pl\/#\/schema\/logo\/image\/"}}]}},"_links":{"self":[{"href":"https:\/\/sosnowaprzystan.pl\/index.php?rest_route=\/wp\/v2\/pages\/211","targetHints":{"allow":["GET"]}}],"collection":[{"href":"https:\/\/sosnowaprzystan.pl\/index.php?rest_route=\/wp\/v2\/pages"}],"about":[{"href":"https:\/\/sosnowaprzystan.pl\/index.php?rest_route=\/wp\/v2\/types\/page"}],"author":[{"embeddable":true,"href":"https:\/\/sosnowaprzystan.pl\/index.php?rest_route=\/wp\/v2\/users\/1"}],"replies":[{"embeddable":true,"href":"https:\/\/sosnowaprzystan.pl\/index.php?rest_route=%2Fwp%2Fv2%2Fcomments&post=211"}],"version-history":[{"count":1,"href":"https:\/\/sosnowaprzystan.pl\/index.php?rest_route=\/wp\/v2\/pages\/211\/revisions"}],"predecessor-version":[{"id":222,"href":"https:\/\/sosnowaprzystan.pl\/index.php?rest_route=\/wp\/v2\/pages\/211\/revisions\/222"}],"wp:attachment":[{"href":"https:\/\/sosnowaprzystan.pl\/index.php?rest_route=%2Fwp%2Fv2%2Fmedia&parent=211"}],"curies":[{"name":"wp","href":"https:\/\/api.w.org\/{rel}","templated":true}]}}